{"id":79,"date":"2025-08-14T13:41:56","date_gmt":"2025-08-14T11:41:56","guid":{"rendered":"https:\/\/emsca-coworking.com\/?page_id=79"},"modified":"2025-08-14T13:41:57","modified_gmt":"2025-08-14T11:41:57","slug":"nous-contacter","status":"publish","type":"page","link":"https:\/\/emsca-coworking.com\/?page_id=79","title":{"rendered":"Nous contacter"},"content":{"rendered":"\n<p>EMSCA Business Services<br>LOCATIONS DE SALLES ET BUREAUS EN CO-WORKING<br><br>Immeuble le Gobacap<br>1, rue Raoul Follereau<br>77600 BUSSY SAINT GEORGES<br><br>contact@emsca.com<br>01.64.63.93.19<br><br><\/p>\n\n\n\n<div class=\"wpcf7 no-js\" id=\"wpcf7-f56-o1\" lang=\"en-US\" dir=\"ltr\" data-wpcf7-id=\"56\">\n<div class=\"screen-reader-response\"><p role=\"status\" aria-live=\"polite\" aria-atomic=\"true\"><\/p> <ul><\/ul><\/div>\n<form action=\"\/index.php?rest_route=%2Fwp%2Fv2%2Fpages%2F79#wpcf7-f56-o1\" method=\"post\" class=\"wpcf7-form init\" aria-label=\"Contact form\" novalidate=\"novalidate\" data-status=\"init\">\n<fieldset class=\"hidden-fields-container\"><input type=\"hidden\" name=\"_wpcf7\" value=\"56\" \/><input type=\"hidden\" name=\"_wpcf7_version\" value=\"6.1.1\" \/><input type=\"hidden\" name=\"_wpcf7_locale\" value=\"en_US\" \/><input type=\"hidden\" name=\"_wpcf7_unit_tag\" value=\"wpcf7-f56-o1\" \/><input type=\"hidden\" name=\"_wpcf7_container_post\" value=\"0\" \/><input type=\"hidden\" name=\"_wpcf7_posted_data_hash\" value=\"\" \/>\n<\/fieldset>\n<div class=\"row\">\n\t<div class=\"col-xl-6 col-lg-6 col-md-6 col-12 form-field\">\n\t\t<p><span class=\"wpcf7-form-control-wrap\" data-name=\"your-name\"><input size=\"40\" maxlength=\"400\" class=\"wpcf7-form-control wpcf7-text wpcf7-validates-as-required\" autocomplete=\"name\" aria-required=\"true\" aria-invalid=\"false\" placeholder=\"Vos nom et pr\u00e9nom\" value=\"\" type=\"text\" name=\"your-name\" \/><\/span>\n\t\t<\/p>\n\t<\/div>\n\t<div class=\"col-xl-6 col-lg-6 col-md-6 col-12 form-field\">\n\t\t<p><span class=\"wpcf7-form-control-wrap\" data-name=\"company-name\"><input size=\"40\" maxlength=\"400\" class=\"wpcf7-form-control wpcf7-text wpcf7-validates-as-required\" aria-required=\"true\" aria-invalid=\"false\" placeholder=\"Votre entreprise\" value=\"\" type=\"text\" name=\"company-name\" \/><\/span>\n\t\t<\/p>\n\t<\/div>\n<\/div>\n<div class=\"row\">\n\t<div class=\"col-xl-6 col-lg-6 col-md-6 col-12 form-field\">\n\t\t<p><span class=\"wpcf7-form-control-wrap\" data-name=\"phone-no\"><input size=\"40\" maxlength=\"400\" class=\"wpcf7-form-control wpcf7-text wpcf7-validates-as-required\" aria-required=\"true\" aria-invalid=\"false\" placeholder=\"Votre num\u00e9ro de t\u00e9l\u00e9phone\" value=\"\" type=\"text\" name=\"phone-no\" \/><\/span>\n\t\t<\/p>\n\t<\/div>\n\t<div class=\"col-xl-6 col-lg-6 col-md-6 col-12 form-field\">\n\t\t<p><span class=\"wpcf7-form-control-wrap\" data-name=\"date\"><input size=\"40\" maxlength=\"400\" class=\"wpcf7-form-control wpcf7-text wpcf7-validates-as-required\" aria-required=\"true\" aria-invalid=\"false\" placeholder=\"Date\" value=\"\" type=\"text\" name=\"date\" \/><\/span>\n\t\t<\/p>\n\t<\/div>\n<\/div>\n<div class=\"form-field\">\n\t<p><span class=\"wpcf7-form-control-wrap\" data-name=\"your-email\"><input size=\"40\" maxlength=\"400\" class=\"wpcf7-form-control wpcf7-email wpcf7-validates-as-required wpcf7-text wpcf7-validates-as-email\" autocomplete=\"email\" aria-required=\"true\" aria-invalid=\"false\" placeholder=\"Votre adresse mail\" value=\"\" type=\"email\" name=\"your-email\" \/><\/span>\n\t<\/p>\n<\/div>\n<div class=\"form-field\">\n\t<p><span class=\"wpcf7-form-control-wrap\" data-name=\"your-name\"><input size=\"40\" maxlength=\"400\" class=\"wpcf7-form-control wpcf7-text wpcf7-validates-as-required\" aria-required=\"true\" aria-invalid=\"false\" placeholder=\"Services\" value=\"\" type=\"text\" name=\"your-name\" \/><\/span>\n\t<\/p>\n<\/div>\n<div class=\"submit-btn\">\n\t<p><input class=\"wpcf7-form-control wpcf7-submit has-spinner\" type=\"submit\" value=\"Envoyer votre demande\" \/>\n\t<\/p>\n<\/div><div class=\"wpcf7-response-output\" aria-hidden=\"true\"><\/div>\n<\/form>\n<\/div>\n\n","protected":false},"excerpt":{"rendered":"<p>EMSCA Business ServicesLOCATIONS DE SALLES ET BUREAUS EN CO-WORKING Immeuble le Gobacap1, rue Raoul Follereau77600 BUSSY SAINT GEORGES contact@emsca.com01.64.63.93.19<\/p>\n","protected":false},"author":1,"featured_media":0,"parent":0,"menu_order":0,"comment_status":"closed","ping_status":"closed","template":"","meta":{"footnotes":""},"class_list":["post-79","page","type-page","status-publish","hentry"],"yoast_head":"<!-- This site is optimized with the Yoast SEO plugin v25.7 - https:\/\/yoast.com\/wordpress\/plugins\/seo\/ -->\n<title>Nous contacter - Bureaux et locations de salles \u00e0 Marne la Vall\u00e9e<\/title>\n<meta name=\"robots\" content=\"index, follow, max-snippet:-1, max-image-preview:large, max-video-preview:-1\" \/>\n<link rel=\"canonical\" href=\"https:\/\/emsca-coworking.com\/?page_id=79\" \/>\n<meta property=\"og:locale\" content=\"fr_FR\" \/>\n<meta property=\"og:type\" content=\"article\" \/>\n<meta property=\"og:title\" content=\"Nous contacter - Bureaux et locations de salles \u00e0 Marne la Vall\u00e9e\" \/>\n<meta property=\"og:description\" content=\"EMSCA Business ServicesLOCATIONS DE SALLES ET BUREAUS EN CO-WORKING Immeuble le Gobacap1, rue Raoul Follereau77600 BUSSY SAINT GEORGES contact@emsca.com01.64.63.93.19\" \/>\n<meta property=\"og:url\" content=\"https:\/\/emsca-coworking.com\/?page_id=79\" \/>\n<meta property=\"og:site_name\" content=\"Bureaux et locations de salles \u00e0 Marne la Vall\u00e9e\" \/>\n<meta property=\"article:modified_time\" content=\"2025-08-14T11:41:57+00:00\" \/>\n<meta property=\"og:image\" content=\"https:\/\/emsca-coworking.com\/wp-content\/uploads\/2025\/08\/WhatsApp-Image-2025-07-24-a-12.43.29_872743d7.jpg\" \/>\n\t<meta property=\"og:image:width\" content=\"2000\" \/>\n\t<meta property=\"og:image:height\" content=\"1126\" \/>\n\t<meta property=\"og:image:type\" content=\"image\/jpeg\" \/>\n<meta name=\"twitter:card\" content=\"summary_large_image\" \/>\n<meta name=\"twitter:label1\" content=\"Dur\u00e9e de lecture estim\u00e9e\" \/>\n\t<meta name=\"twitter:data1\" content=\"1 minute\" \/>\n<script type=\"application\/ld+json\" class=\"yoast-schema-graph\">{\"@context\":\"https:\/\/schema.org\",\"@graph\":[{\"@type\":\"WebPage\",\"@id\":\"https:\/\/emsca-coworking.com\/?page_id=79\",\"url\":\"https:\/\/emsca-coworking.com\/?page_id=79\",\"name\":\"Nous contacter - Bureaux et locations de salles \u00e0 Marne la Vall\u00e9e\",\"isPartOf\":{\"@id\":\"https:\/\/emsca-coworking.com\/#website\"},\"datePublished\":\"2025-08-14T11:41:56+00:00\",\"dateModified\":\"2025-08-14T11:41:57+00:00\",\"breadcrumb\":{\"@id\":\"https:\/\/emsca-coworking.com\/?page_id=79#breadcrumb\"},\"inLanguage\":\"fr-FR\",\"potentialAction\":[{\"@type\":\"ReadAction\",\"target\":[\"https:\/\/emsca-coworking.com\/?page_id=79\"]}]},{\"@type\":\"BreadcrumbList\",\"@id\":\"https:\/\/emsca-coworking.com\/?page_id=79#breadcrumb\",\"itemListElement\":[{\"@type\":\"ListItem\",\"position\":1,\"name\":\"Home\",\"item\":\"https:\/\/emsca-coworking.com\/\"},{\"@type\":\"ListItem\",\"position\":2,\"name\":\"Nous contacter\"}]},{\"@type\":\"WebSite\",\"@id\":\"https:\/\/emsca-coworking.com\/#website\",\"url\":\"https:\/\/emsca-coworking.com\/\",\"name\":\"Bureaux et locations de salles \u00e0 Marne la Vall\u00e9e\",\"description\":\"EMSCA Bureaux et Salles \u00e0 Marne la Vall\u00e9e\",\"alternateName\":\"Location de bureaux en co-working et de salles de r\u00e9sunion\",\"potentialAction\":[{\"@type\":\"SearchAction\",\"target\":{\"@type\":\"EntryPoint\",\"urlTemplate\":\"https:\/\/emsca-coworking.com\/?s={search_term_string}\"},\"query-input\":{\"@type\":\"PropertyValueSpecification\",\"valueRequired\":true,\"valueName\":\"search_term_string\"}}],\"inLanguage\":\"fr-FR\"}]}<\/script>\n<!-- \/ Yoast SEO plugin. -->","yoast_head_json":{"title":"Nous contacter - Bureaux et locations de salles \u00e0 Marne la Vall\u00e9e","robots":{"index":"index","follow":"follow","max-snippet":"max-snippet:-1","max-image-preview":"max-image-preview:large","max-video-preview":"max-video-preview:-1"},"canonical":"https:\/\/emsca-coworking.com\/?page_id=79","og_locale":"fr_FR","og_type":"article","og_title":"Nous contacter - Bureaux et locations de salles \u00e0 Marne la Vall\u00e9e","og_description":"EMSCA Business ServicesLOCATIONS DE SALLES ET BUREAUS EN CO-WORKING Immeuble le Gobacap1, rue Raoul Follereau77600 BUSSY SAINT GEORGES contact@emsca.com01.64.63.93.19","og_url":"https:\/\/emsca-coworking.com\/?page_id=79","og_site_name":"Bureaux et locations de salles \u00e0 Marne la Vall\u00e9e","article_modified_time":"2025-08-14T11:41:57+00:00","og_image":[{"width":2000,"height":1126,"url":"https:\/\/emsca-coworking.com\/wp-content\/uploads\/2025\/08\/WhatsApp-Image-2025-07-24-a-12.43.29_872743d7.jpg","type":"image\/jpeg"}],"twitter_card":"summary_large_image","twitter_misc":{"Dur\u00e9e de lecture estim\u00e9e":"1 minute"},"schema":{"@context":"https:\/\/schema.org","@graph":[{"@type":"WebPage","@id":"https:\/\/emsca-coworking.com\/?page_id=79","url":"https:\/\/emsca-coworking.com\/?page_id=79","name":"Nous contacter - Bureaux et locations de salles \u00e0 Marne la Vall\u00e9e","isPartOf":{"@id":"https:\/\/emsca-coworking.com\/#website"},"datePublished":"2025-08-14T11:41:56+00:00","dateModified":"2025-08-14T11:41:57+00:00","breadcrumb":{"@id":"https:\/\/emsca-coworking.com\/?page_id=79#breadcrumb"},"inLanguage":"fr-FR","potentialAction":[{"@type":"ReadAction","target":["https:\/\/emsca-coworking.com\/?page_id=79"]}]},{"@type":"BreadcrumbList","@id":"https:\/\/emsca-coworking.com\/?page_id=79#breadcrumb","itemListElement":[{"@type":"ListItem","position":1,"name":"Home","item":"https:\/\/emsca-coworking.com\/"},{"@type":"ListItem","position":2,"name":"Nous contacter"}]},{"@type":"WebSite","@id":"https:\/\/emsca-coworking.com\/#website","url":"https:\/\/emsca-coworking.com\/","name":"Bureaux et locations de salles \u00e0 Marne la Vall\u00e9e","description":"EMSCA Bureaux et Salles \u00e0 Marne la Vall\u00e9e","alternateName":"Location de bureaux en co-working et de salles de r\u00e9sunion","potentialAction":[{"@type":"SearchAction","target":{"@type":"EntryPoint","urlTemplate":"https:\/\/emsca-coworking.com\/?s={search_term_string}"},"query-input":{"@type":"PropertyValueSpecification","valueRequired":true,"valueName":"search_term_string"}}],"inLanguage":"fr-FR"}]}},"_links":{"self":[{"href":"https:\/\/emsca-coworking.com\/index.php?rest_route=\/wp\/v2\/pages\/79","targetHints":{"allow":["GET"]}}],"collection":[{"href":"https:\/\/emsca-coworking.com\/index.php?rest_route=\/wp\/v2\/pages"}],"about":[{"href":"https:\/\/emsca-coworking.com\/index.php?rest_route=\/wp\/v2\/types\/page"}],"author":[{"embeddable":true,"href":"https:\/\/emsca-coworking.com\/index.php?rest_route=\/wp\/v2\/users\/1"}],"replies":[{"embeddable":true,"href":"https:\/\/emsca-coworking.com\/index.php?rest_route=%2Fwp%2Fv2%2Fcomments&post=79"}],"version-history":[{"count":1,"href":"https:\/\/emsca-coworking.com\/index.php?rest_route=\/wp\/v2\/pages\/79\/revisions"}],"predecessor-version":[{"id":80,"href":"https:\/\/emsca-coworking.com\/index.php?rest_route=\/wp\/v2\/pages\/79\/revisions\/80"}],"wp:attachment":[{"href":"https:\/\/emsca-coworking.com\/index.php?rest_route=%2Fwp%2Fv2%2Fmedia&parent=79"}],"curies":[{"name":"wp","href":"https:\/\/api.w.org\/{rel}","templated":true}]}}