{"id":42,"date":"2025-08-14T12:09:36","date_gmt":"2025-08-14T10:09:36","guid":{"rendered":"https:\/\/emsca-coworking.com\/spaces\/"},"modified":"2025-08-14T13:25:12","modified_gmt":"2025-08-14T11:25:12","slug":"spaces","status":"publish","type":"page","link":"https:\/\/emsca-coworking.com\/?page_id=42","title":{"rendered":"Nos prestations"},"content":{"rendered":"<p>Dans un immeuble moderne, v\u00e9ritable business center id\u00e9alement situ\u00e9 \u00e0 Bussy Saint Georges, venez travailler au sein de nos espaces professionnels : bureau en open-space, bureau individuel enti\u00e8rement vitr\u00e9, salles de r\u00e9union, salles de formation enti\u00e8rement \u00e9quip\u00e9es ; wifi, photocopieurs, armoires de rangement privatisables, acc\u00e8s possible 24\/24 et 7\/7, services administratifs &#8230; l&rsquo;EMSCA met tout en \u0153uvre pour vous permettre de g\u00e9rer et d\u00e9velopper votre activit\u00e9 en\u00a0toute\u00a0s\u00e9r\u00e9nit\u00e9.<\/p>\n<p>&#8211; diff\u00e9rents espaces li\u00e9s \u00e0 votre activit\u00e9 : solo, co-working, rdv client, r\u00e9union, formation.<br \/>\n&#8211; wifi (fibre)<br \/>\n&#8211; photocopieur<br \/>\n&#8211; salles de r\u00e9union\/formation enti\u00e8rement \u00e9quip\u00e9es (\u00e9cran interactif, &#8230;)<br \/>\n&#8211; possibilit\u00e9 de location\/privatisation d&rsquo;une armoire de rangement.<br \/>\n&#8211; environnement tr\u00e8s calme, belle lumi\u00e8re naturelle.<br \/>\n&#8211; acc\u00e8s possible 24\/24, 7\/7 (selon forfait choisi).<br \/>\n&#8211; acc\u00e8s facile en v\u00e9hicule (proche sortie A4) ou en transports (&lt;10&prime; de la gare RER A).<br \/>\n&#8211; un espace fitness exclusif<br \/>\n&#8211; plusieurs modes\u00a0de\u00a0location<br \/>\n&#8211; location de bureau individuel en open-space<br \/>\n&#8211; location de bureau vitr\u00e9, insonoris\u00e9<br \/>\n&#8211; location \/ privatisation d&rsquo;armoires de rangement<br \/>\n&#8211; location de salles de r\u00e9union \/ formation<br \/>\n&#8211; services administratifs (nous consulter)<br \/>\n&#8211; domiciliation de votre activit\u00e9 (nous consulter)<br \/>\n&#8211; services communication &amp; marketing (nous consulter)<br \/>\n&#8211; services commerciaux (nous consulter)<br \/>\n&#8211; r\u00e9ductions exclusives sur les tarifs de nos formations en ligne (nous consulter)<\/p>\n","protected":false},"excerpt":{"rendered":"<p>Dans un immeuble moderne, v\u00e9ritable business center id\u00e9alement situ\u00e9 \u00e0 Bussy Saint Georges, venez travailler au sein de nos espaces professionnels : bureau en open-space, bureau individuel enti\u00e8rement vitr\u00e9, salles de r\u00e9union, salles de formation enti\u00e8rement \u00e9quip\u00e9es ; wifi, photocopieurs, armoires de rangement privatisables, acc\u00e8s possible 24\/24 et 7\/7, services administratifs &#8230; l&rsquo;EMSCA met tout [&hellip;]<\/p>\n","protected":false},"author":1,"featured_media":0,"parent":0,"menu_order":0,"comment_status":"closed","ping_status":"closed","template":"","meta":{"footnotes":""},"class_list":["post-42","page","type-page","status-publish","hentry"],"yoast_head":"<!-- This site is optimized with the Yoast SEO plugin v25.7 - https:\/\/yoast.com\/wordpress\/plugins\/seo\/ -->\n<title>Nos prestations - Bureaux et locations de salles \u00e0 Marne la Vall\u00e9e<\/title>\n<meta name=\"robots\" content=\"index, follow, max-snippet:-1, max-image-preview:large, max-video-preview:-1\" \/>\n<link rel=\"canonical\" href=\"https:\/\/emsca-coworking.com\/?page_id=42\" \/>\n<meta property=\"og:locale\" content=\"fr_FR\" \/>\n<meta property=\"og:type\" content=\"article\" \/>\n<meta property=\"og:title\" content=\"Nos prestations - Bureaux et locations de salles \u00e0 Marne la Vall\u00e9e\" \/>\n<meta property=\"og:description\" content=\"Dans un immeuble moderne, v\u00e9ritable business center id\u00e9alement situ\u00e9 \u00e0 Bussy Saint Georges, venez travailler au sein de nos espaces professionnels : bureau en open-space, bureau individuel enti\u00e8rement vitr\u00e9, salles de r\u00e9union, salles de formation enti\u00e8rement \u00e9quip\u00e9es ; wifi, photocopieurs, armoires de rangement privatisables, acc\u00e8s possible 24\/24 et 7\/7, services administratifs &#8230; l&rsquo;EMSCA met tout [&hellip;]\" \/>\n<meta property=\"og:url\" content=\"https:\/\/emsca-coworking.com\/?page_id=42\" \/>\n<meta property=\"og:site_name\" content=\"Bureaux et locations de salles \u00e0 Marne la Vall\u00e9e\" \/>\n<meta property=\"article:modified_time\" content=\"2025-08-14T11:25:12+00:00\" \/>\n<meta property=\"og:image\" content=\"https:\/\/emsca-coworking.com\/wp-content\/uploads\/2025\/08\/WhatsApp-Image-2025-07-24-a-12.43.29_872743d7.jpg\" \/>\n\t<meta property=\"og:image:width\" content=\"2000\" \/>\n\t<meta property=\"og:image:height\" content=\"1126\" \/>\n\t<meta property=\"og:image:type\" content=\"image\/jpeg\" \/>\n<meta name=\"twitter:card\" content=\"summary_large_image\" \/>\n<meta name=\"twitter:label1\" content=\"Dur\u00e9e de lecture estim\u00e9e\" \/>\n\t<meta name=\"twitter:data1\" content=\"1 minute\" \/>\n<script type=\"application\/ld+json\" class=\"yoast-schema-graph\">{\"@context\":\"https:\/\/schema.org\",\"@graph\":[{\"@type\":\"WebPage\",\"@id\":\"https:\/\/emsca-coworking.com\/?page_id=42\",\"url\":\"https:\/\/emsca-coworking.com\/?page_id=42\",\"name\":\"Nos prestations - Bureaux et locations de salles \u00e0 Marne la Vall\u00e9e\",\"isPartOf\":{\"@id\":\"https:\/\/emsca-coworking.com\/#website\"},\"datePublished\":\"2025-08-14T10:09:36+00:00\",\"dateModified\":\"2025-08-14T11:25:12+00:00\",\"breadcrumb\":{\"@id\":\"https:\/\/emsca-coworking.com\/?page_id=42#breadcrumb\"},\"inLanguage\":\"fr-FR\",\"potentialAction\":[{\"@type\":\"ReadAction\",\"target\":[\"https:\/\/emsca-coworking.com\/?page_id=42\"]}]},{\"@type\":\"BreadcrumbList\",\"@id\":\"https:\/\/emsca-coworking.com\/?page_id=42#breadcrumb\",\"itemListElement\":[{\"@type\":\"ListItem\",\"position\":1,\"name\":\"Home\",\"item\":\"https:\/\/emsca-coworking.com\/\"},{\"@type\":\"ListItem\",\"position\":2,\"name\":\"Nos prestations\"}]},{\"@type\":\"WebSite\",\"@id\":\"https:\/\/emsca-coworking.com\/#website\",\"url\":\"https:\/\/emsca-coworking.com\/\",\"name\":\"Bureaux et locations de salles \u00e0 Marne la Vall\u00e9e\",\"description\":\"EMSCA Bureaux et Salles \u00e0 Marne la Vall\u00e9e\",\"alternateName\":\"Location de bureaux en co-working et de salles de r\u00e9sunion\",\"potentialAction\":[{\"@type\":\"SearchAction\",\"target\":{\"@type\":\"EntryPoint\",\"urlTemplate\":\"https:\/\/emsca-coworking.com\/?s={search_term_string}\"},\"query-input\":{\"@type\":\"PropertyValueSpecification\",\"valueRequired\":true,\"valueName\":\"search_term_string\"}}],\"inLanguage\":\"fr-FR\"}]}<\/script>\n<!-- \/ Yoast SEO plugin. -->","yoast_head_json":{"title":"Nos prestations - Bureaux et locations de salles \u00e0 Marne la Vall\u00e9e","robots":{"index":"index","follow":"follow","max-snippet":"max-snippet:-1","max-image-preview":"max-image-preview:large","max-video-preview":"max-video-preview:-1"},"canonical":"https:\/\/emsca-coworking.com\/?page_id=42","og_locale":"fr_FR","og_type":"article","og_title":"Nos prestations - Bureaux et locations de salles \u00e0 Marne la Vall\u00e9e","og_description":"Dans un immeuble moderne, v\u00e9ritable business center id\u00e9alement situ\u00e9 \u00e0 Bussy Saint Georges, venez travailler au sein de nos espaces professionnels : bureau en open-space, bureau individuel enti\u00e8rement vitr\u00e9, salles de r\u00e9union, salles de formation enti\u00e8rement \u00e9quip\u00e9es ; wifi, photocopieurs, armoires de rangement privatisables, acc\u00e8s possible 24\/24 et 7\/7, services administratifs &#8230; l&rsquo;EMSCA met tout [&hellip;]","og_url":"https:\/\/emsca-coworking.com\/?page_id=42","og_site_name":"Bureaux et locations de salles \u00e0 Marne la Vall\u00e9e","article_modified_time":"2025-08-14T11:25:12+00:00","og_image":[{"width":2000,"height":1126,"url":"https:\/\/emsca-coworking.com\/wp-content\/uploads\/2025\/08\/WhatsApp-Image-2025-07-24-a-12.43.29_872743d7.jpg","type":"image\/jpeg"}],"twitter_card":"summary_large_image","twitter_misc":{"Dur\u00e9e de lecture estim\u00e9e":"1 minute"},"schema":{"@context":"https:\/\/schema.org","@graph":[{"@type":"WebPage","@id":"https:\/\/emsca-coworking.com\/?page_id=42","url":"https:\/\/emsca-coworking.com\/?page_id=42","name":"Nos prestations - Bureaux et locations de salles \u00e0 Marne la Vall\u00e9e","isPartOf":{"@id":"https:\/\/emsca-coworking.com\/#website"},"datePublished":"2025-08-14T10:09:36+00:00","dateModified":"2025-08-14T11:25:12+00:00","breadcrumb":{"@id":"https:\/\/emsca-coworking.com\/?page_id=42#breadcrumb"},"inLanguage":"fr-FR","potentialAction":[{"@type":"ReadAction","target":["https:\/\/emsca-coworking.com\/?page_id=42"]}]},{"@type":"BreadcrumbList","@id":"https:\/\/emsca-coworking.com\/?page_id=42#breadcrumb","itemListElement":[{"@type":"ListItem","position":1,"name":"Home","item":"https:\/\/emsca-coworking.com\/"},{"@type":"ListItem","position":2,"name":"Nos prestations"}]},{"@type":"WebSite","@id":"https:\/\/emsca-coworking.com\/#website","url":"https:\/\/emsca-coworking.com\/","name":"Bureaux et locations de salles \u00e0 Marne la Vall\u00e9e","description":"EMSCA Bureaux et Salles \u00e0 Marne la Vall\u00e9e","alternateName":"Location de bureaux en co-working et de salles de r\u00e9sunion","potentialAction":[{"@type":"SearchAction","target":{"@type":"EntryPoint","urlTemplate":"https:\/\/emsca-coworking.com\/?s={search_term_string}"},"query-input":{"@type":"PropertyValueSpecification","valueRequired":true,"valueName":"search_term_string"}}],"inLanguage":"fr-FR"}]}},"_links":{"self":[{"href":"https:\/\/emsca-coworking.com\/index.php?rest_route=\/wp\/v2\/pages\/42","targetHints":{"allow":["GET"]}}],"collection":[{"href":"https:\/\/emsca-coworking.com\/index.php?rest_route=\/wp\/v2\/pages"}],"about":[{"href":"https:\/\/emsca-coworking.com\/index.php?rest_route=\/wp\/v2\/types\/page"}],"author":[{"embeddable":true,"href":"https:\/\/emsca-coworking.com\/index.php?rest_route=\/wp\/v2\/users\/1"}],"replies":[{"embeddable":true,"href":"https:\/\/emsca-coworking.com\/index.php?rest_route=%2Fwp%2Fv2%2Fcomments&post=42"}],"version-history":[{"count":1,"href":"https:\/\/emsca-coworking.com\/index.php?rest_route=\/wp\/v2\/pages\/42\/revisions"}],"predecessor-version":[{"id":74,"href":"https:\/\/emsca-coworking.com\/index.php?rest_route=\/wp\/v2\/pages\/42\/revisions\/74"}],"wp:attachment":[{"href":"https:\/\/emsca-coworking.com\/index.php?rest_route=%2Fwp%2Fv2%2Fmedia&parent=42"}],"curies":[{"name":"wp","href":"https:\/\/api.w.org\/{rel}","templated":true}]}}