{"id":41,"date":"2025-08-14T12:09:36","date_gmt":"2025-08-14T10:09:36","guid":{"rendered":"https:\/\/emsca-coworking.com\/about-us\/"},"modified":"2025-08-14T13:16:26","modified_gmt":"2025-08-14T11:16:26","slug":"about-us","status":"publish","type":"page","link":"https:\/\/emsca-coworking.com\/?page_id=41","title":{"rendered":"Nous conna\u00eetre"},"content":{"rendered":"<p>L&rsquo;EMSCA est un Centre de Formation des Apprentis cr\u00e9\u00e9 en 2015.<br \/>Bas\u00e9s \u00e0 Bussy Saint Georges, au coeur de l&rsquo;agglom\u00e9ration nouvelle de Marne la Vall\u00e9e, ses locaux sont situ\u00e9s id\u00e9alement, \u00e0 10 minutes \u00e0 pied de la station du RER A \u00ab\u00a0Bussy Saint Georges\u00a0\u00bbet \u00e0 2 minutes de la sortie A4 d\u00e9di\u00e9e. <br \/>Au coeur dans un immeuble moderne et fonctionnel, plusieurs espaces peuvent \u00eatre mis \u00e0 la disposition des professionnels.<br \/>Que vous soyez employ\u00e9s en travail \u00e0 domicile, micro-entrepreneurs \u00e0 la recherche de bureaux \u00e0 moindre co\u00fbts, formateurs ponctuellement \u00e0 la recherche de salle ou encore organisateurs de r\u00e9unions, l&rsquo;EMSCA dispose de salles ou d&rsquo;\u00e9quipements adapt\u00e9s ainsi que de services exclusifs d\u00e9di\u00e9s.<br \/>Bienvenue !<br \/><br \/><\/p>\n\n\n<figure class=\"wp-block-gallery has-nested-images columns-default is-cropped wp-block-gallery-1 is-layout-flex wp-block-gallery-is-layout-flex\">\n<figure class=\"wp-block-image size-large\"><img width=\"1024\" height=\"550\" data-id=\"34\"  alt=\"\" class=\"wp-image-34 lws-optimize-lazyload\"\/ data-src=\"https:\/\/emsca-coworking.com\/wp-content\/uploads\/2025\/08\/Ext-EMSCA-1024x550.jpg\" srcset=\"https:\/\/emsca-coworking.com\/wp-content\/uploads\/2025\/08\/Ext-EMSCA-1024x550.jpg 1024w, https:\/\/emsca-coworking.com\/wp-content\/uploads\/2025\/08\/Ext-EMSCA-300x161.jpg 300w, https:\/\/emsca-coworking.com\/wp-content\/uploads\/2025\/08\/Ext-EMSCA-768x413.jpg 768w, https:\/\/emsca-coworking.com\/wp-content\/uploads\/2025\/08\/Ext-EMSCA-1536x825.jpg 1536w, https:\/\/emsca-coworking.com\/wp-content\/uploads\/2025\/08\/Ext-EMSCA-2048x1100.jpg 2048w\" sizes=\"(max-width: 1024px) 100vw, 1024px\" \/><figcaption class=\"wp-element-caption\">Ext\u00e9rieur<\/figcaption><\/figure>\n\n\n\n<figure class=\"wp-block-image size-large\"><img width=\"1024\" height=\"577\" data-id=\"31\"  alt=\"\" class=\"wp-image-31 lws-optimize-lazyload\"\/ data-src=\"https:\/\/emsca-coworking.com\/wp-content\/uploads\/2025\/08\/20240902_135206-1024x577.jpg\" srcset=\"https:\/\/emsca-coworking.com\/wp-content\/uploads\/2025\/08\/20240902_135206-1024x577.jpg 1024w, https:\/\/emsca-coworking.com\/wp-content\/uploads\/2025\/08\/20240902_135206-300x169.jpg 300w, https:\/\/emsca-coworking.com\/wp-content\/uploads\/2025\/08\/20240902_135206-768x432.jpg 768w, https:\/\/emsca-coworking.com\/wp-content\/uploads\/2025\/08\/20240902_135206-1536x865.jpg 1536w, https:\/\/emsca-coworking.com\/wp-content\/uploads\/2025\/08\/20240902_135206-2048x1153.jpg 2048w\" sizes=\"(max-width: 1024px) 100vw, 1024px\" \/><figcaption class=\"wp-element-caption\">Salle de formation \/ r\u00e9union<\/figcaption><\/figure>\n\n\n\n<figure class=\"wp-block-image size-large\"><img width=\"1024\" height=\"577\" data-id=\"29\"  alt=\"\" class=\"wp-image-29 lws-optimize-lazyload\"\/ data-src=\"https:\/\/emsca-coworking.com\/wp-content\/uploads\/2025\/08\/20240902_140037-1024x577.jpg\" srcset=\"https:\/\/emsca-coworking.com\/wp-content\/uploads\/2025\/08\/20240902_140037-1024x577.jpg 1024w, https:\/\/emsca-coworking.com\/wp-content\/uploads\/2025\/08\/20240902_140037-300x169.jpg 300w, https:\/\/emsca-coworking.com\/wp-content\/uploads\/2025\/08\/20240902_140037-768x432.jpg 768w, https:\/\/emsca-coworking.com\/wp-content\/uploads\/2025\/08\/20240902_140037-1536x865.jpg 1536w, https:\/\/emsca-coworking.com\/wp-content\/uploads\/2025\/08\/20240902_140037-2048x1153.jpg 2048w\" sizes=\"(max-width: 1024px) 100vw, 1024px\" \/><figcaption class=\"wp-element-caption\">Ext\u00e9rieur<\/figcaption><\/figure>\n\n\n\n<figure class=\"wp-block-image size-large\"><img width=\"1024\" height=\"577\" data-id=\"26\"  alt=\"\" class=\"wp-image-26 lws-optimize-lazyload\"\/ data-src=\"https:\/\/emsca-coworking.com\/wp-content\/uploads\/2025\/08\/WhatsApp-Image-2025-07-24-a-12.43.30_ed56abec-1024x577.jpg\" srcset=\"https:\/\/emsca-coworking.com\/wp-content\/uploads\/2025\/08\/WhatsApp-Image-2025-07-24-a-12.43.30_ed56abec-1024x577.jpg 1024w, https:\/\/emsca-coworking.com\/wp-content\/uploads\/2025\/08\/WhatsApp-Image-2025-07-24-a-12.43.30_ed56abec-300x169.jpg 300w, https:\/\/emsca-coworking.com\/wp-content\/uploads\/2025\/08\/WhatsApp-Image-2025-07-24-a-12.43.30_ed56abec-768x432.jpg 768w, https:\/\/emsca-coworking.com\/wp-content\/uploads\/2025\/08\/WhatsApp-Image-2025-07-24-a-12.43.30_ed56abec-1536x865.jpg 1536w, https:\/\/emsca-coworking.com\/wp-content\/uploads\/2025\/08\/WhatsApp-Image-2025-07-24-a-12.43.30_ed56abec.jpg 2000w\" sizes=\"(max-width: 1024px) 100vw, 1024px\" \/><\/figure>\n\n\n\n<figure class=\"wp-block-image size-large\"><img width=\"1024\" height=\"577\" data-id=\"25\"  alt=\"\" class=\"wp-image-25 lws-optimize-lazyload\"\/ data-src=\"https:\/\/emsca-coworking.com\/wp-content\/uploads\/2025\/08\/WhatsApp-Image-2025-07-24-a-12.43.30_eaef4081-1024x577.jpg\" srcset=\"https:\/\/emsca-coworking.com\/wp-content\/uploads\/2025\/08\/WhatsApp-Image-2025-07-24-a-12.43.30_eaef4081-1024x577.jpg 1024w, https:\/\/emsca-coworking.com\/wp-content\/uploads\/2025\/08\/WhatsApp-Image-2025-07-24-a-12.43.30_eaef4081-300x169.jpg 300w, https:\/\/emsca-coworking.com\/wp-content\/uploads\/2025\/08\/WhatsApp-Image-2025-07-24-a-12.43.30_eaef4081-768x432.jpg 768w, https:\/\/emsca-coworking.com\/wp-content\/uploads\/2025\/08\/WhatsApp-Image-2025-07-24-a-12.43.30_eaef4081-1536x865.jpg 1536w, https:\/\/emsca-coworking.com\/wp-content\/uploads\/2025\/08\/WhatsApp-Image-2025-07-24-a-12.43.30_eaef4081.jpg 2000w\" sizes=\"(max-width: 1024px) 100vw, 1024px\" \/><figcaption class=\"wp-element-caption\">Espace de co-working<\/figcaption><\/figure>\n\n\n\n<figure class=\"wp-block-image size-large\"><img width=\"1024\" height=\"577\" data-id=\"24\"  alt=\"\" class=\"wp-image-24 lws-optimize-lazyload\"\/ data-src=\"https:\/\/emsca-coworking.com\/wp-content\/uploads\/2025\/08\/WhatsApp-Image-2025-07-24-a-12.43.30_e8f70207-1024x577.jpg\" srcset=\"https:\/\/emsca-coworking.com\/wp-content\/uploads\/2025\/08\/WhatsApp-Image-2025-07-24-a-12.43.30_e8f70207-1024x577.jpg 1024w, https:\/\/emsca-coworking.com\/wp-content\/uploads\/2025\/08\/WhatsApp-Image-2025-07-24-a-12.43.30_e8f70207-300x169.jpg 300w, https:\/\/emsca-coworking.com\/wp-content\/uploads\/2025\/08\/WhatsApp-Image-2025-07-24-a-12.43.30_e8f70207-768x432.jpg 768w, https:\/\/emsca-coworking.com\/wp-content\/uploads\/2025\/08\/WhatsApp-Image-2025-07-24-a-12.43.30_e8f70207-1536x865.jpg 1536w, https:\/\/emsca-coworking.com\/wp-content\/uploads\/2025\/08\/WhatsApp-Image-2025-07-24-a-12.43.30_e8f70207.jpg 2000w\" sizes=\"(max-width: 1024px) 100vw, 1024px\" \/><figcaption class=\"wp-element-caption\">Bureau individuel<\/figcaption><\/figure>\n\n\n\n<figure class=\"wp-block-image size-large\"><img width=\"1024\" height=\"577\" data-id=\"23\"  alt=\"\" class=\"wp-image-23 lws-optimize-lazyload\"\/ data-src=\"https:\/\/emsca-coworking.com\/wp-content\/uploads\/2025\/08\/WhatsApp-Image-2025-07-24-a-12.43.30_685b44ee-1024x577.jpg\" srcset=\"https:\/\/emsca-coworking.com\/wp-content\/uploads\/2025\/08\/WhatsApp-Image-2025-07-24-a-12.43.30_685b44ee-1024x577.jpg 1024w, https:\/\/emsca-coworking.com\/wp-content\/uploads\/2025\/08\/WhatsApp-Image-2025-07-24-a-12.43.30_685b44ee-300x169.jpg 300w, https:\/\/emsca-coworking.com\/wp-content\/uploads\/2025\/08\/WhatsApp-Image-2025-07-24-a-12.43.30_685b44ee-768x432.jpg 768w, https:\/\/emsca-coworking.com\/wp-content\/uploads\/2025\/08\/WhatsApp-Image-2025-07-24-a-12.43.30_685b44ee-1536x865.jpg 1536w, https:\/\/emsca-coworking.com\/wp-content\/uploads\/2025\/08\/WhatsApp-Image-2025-07-24-a-12.43.30_685b44ee.jpg 2000w\" sizes=\"(max-width: 1024px) 100vw, 1024px\" \/><figcaption class=\"wp-element-caption\">Espace d\u00e9tente<\/figcaption><\/figure>\n\n\n\n<figure class=\"wp-block-image size-large\"><img width=\"577\" height=\"1024\" data-id=\"32\"  alt=\"\" class=\"wp-image-32 lws-optimize-lazyload\"\/ data-src=\"https:\/\/emsca-coworking.com\/wp-content\/uploads\/2025\/08\/20240902_135120-577x1024.jpg\" srcset=\"https:\/\/emsca-coworking.com\/wp-content\/uploads\/2025\/08\/20240902_135120-577x1024.jpg 577w, https:\/\/emsca-coworking.com\/wp-content\/uploads\/2025\/08\/20240902_135120-169x300.jpg 169w, https:\/\/emsca-coworking.com\/wp-content\/uploads\/2025\/08\/20240902_135120-768x1364.jpg 768w, https:\/\/emsca-coworking.com\/wp-content\/uploads\/2025\/08\/20240902_135120-865x1536.jpg 865w, https:\/\/emsca-coworking.com\/wp-content\/uploads\/2025\/08\/20240902_135120-1153x2048.jpg 1153w, https:\/\/emsca-coworking.com\/wp-content\/uploads\/2025\/08\/20240902_135120-scaled.jpg 1441w\" sizes=\"(max-width: 577px) 100vw, 577px\" \/><figcaption class=\"wp-element-caption\">Espace d\u00e9tente<\/figcaption><\/figure>\n<\/figure>\n","protected":false},"excerpt":{"rendered":"<p>L&rsquo;EMSCA est un Centre de Formation des Apprentis cr\u00e9\u00e9 en 2015.Bas\u00e9s \u00e0 Bussy Saint Georges, au coeur de l&rsquo;agglom\u00e9ration nouvelle de Marne la Vall\u00e9e, ses locaux sont situ\u00e9s id\u00e9alement, \u00e0 10 minutes \u00e0 pied de la station du RER A \u00ab\u00a0Bussy Saint Georges\u00a0\u00bbet \u00e0 2 minutes de la sortie A4 d\u00e9di\u00e9e. Au coeur dans un [&hellip;]<\/p>\n","protected":false},"author":1,"featured_media":0,"parent":0,"menu_order":0,"comment_status":"closed","ping_status":"closed","template":"","meta":{"footnotes":""},"class_list":["post-41","page","type-page","status-publish","hentry"],"yoast_head":"<!-- This site is optimized with the Yoast SEO plugin v25.7 - https:\/\/yoast.com\/wordpress\/plugins\/seo\/ -->\n<title>Nous conna\u00eetre - Bureaux et locations de salles \u00e0 Marne la Vall\u00e9e<\/title>\n<meta name=\"robots\" content=\"index, follow, max-snippet:-1, max-image-preview:large, max-video-preview:-1\" \/>\n<link rel=\"canonical\" href=\"https:\/\/emsca-coworking.com\/?page_id=41\" \/>\n<meta property=\"og:locale\" content=\"fr_FR\" \/>\n<meta property=\"og:type\" content=\"article\" \/>\n<meta property=\"og:title\" content=\"Nous conna\u00eetre - Bureaux et locations de salles \u00e0 Marne la Vall\u00e9e\" \/>\n<meta property=\"og:description\" content=\"L&rsquo;EMSCA est un Centre de Formation des Apprentis cr\u00e9\u00e9 en 2015.Bas\u00e9s \u00e0 Bussy Saint Georges, au coeur de l&rsquo;agglom\u00e9ration nouvelle de Marne la Vall\u00e9e, ses locaux sont situ\u00e9s id\u00e9alement, \u00e0 10 minutes \u00e0 pied de la station du RER A \u00ab\u00a0Bussy Saint Georges\u00a0\u00bbet \u00e0 2 minutes de la sortie A4 d\u00e9di\u00e9e. Au coeur dans un [&hellip;]\" \/>\n<meta property=\"og:url\" content=\"https:\/\/emsca-coworking.com\/?page_id=41\" \/>\n<meta property=\"og:site_name\" content=\"Bureaux et locations de salles \u00e0 Marne la Vall\u00e9e\" \/>\n<meta property=\"article:modified_time\" content=\"2025-08-14T11:16:26+00:00\" \/>\n<meta property=\"og:image\" content=\"https:\/\/emsca-coworking.com\/wp-content\/uploads\/2025\/08\/Ext-EMSCA-1024x550.jpg\" \/>\n<meta name=\"twitter:card\" content=\"summary_large_image\" \/>\n<meta name=\"twitter:label1\" content=\"Dur\u00e9e de lecture estim\u00e9e\" \/>\n\t<meta name=\"twitter:data1\" content=\"3 minutes\" \/>\n<script type=\"application\/ld+json\" class=\"yoast-schema-graph\">{\"@context\":\"https:\/\/schema.org\",\"@graph\":[{\"@type\":\"WebPage\",\"@id\":\"https:\/\/emsca-coworking.com\/?page_id=41\",\"url\":\"https:\/\/emsca-coworking.com\/?page_id=41\",\"name\":\"Nous conna\u00eetre - Bureaux et locations de salles \u00e0 Marne la Vall\u00e9e\",\"isPartOf\":{\"@id\":\"https:\/\/emsca-coworking.com\/#website\"},\"primaryImageOfPage\":{\"@id\":\"https:\/\/emsca-coworking.com\/?page_id=41#primaryimage\"},\"image\":{\"@id\":\"https:\/\/emsca-coworking.com\/?page_id=41#primaryimage\"},\"thumbnailUrl\":\"https:\/\/emsca-coworking.com\/wp-content\/uploads\/2025\/08\/Ext-EMSCA-1024x550.jpg\",\"datePublished\":\"2025-08-14T10:09:36+00:00\",\"dateModified\":\"2025-08-14T11:16:26+00:00\",\"breadcrumb\":{\"@id\":\"https:\/\/emsca-coworking.com\/?page_id=41#breadcrumb\"},\"inLanguage\":\"fr-FR\",\"potentialAction\":[{\"@type\":\"ReadAction\",\"target\":[\"https:\/\/emsca-coworking.com\/?page_id=41\"]}]},{\"@type\":\"ImageObject\",\"inLanguage\":\"fr-FR\",\"@id\":\"https:\/\/emsca-coworking.com\/?page_id=41#primaryimage\",\"url\":\"https:\/\/emsca-coworking.com\/wp-content\/uploads\/2025\/08\/Ext-EMSCA-scaled.jpg\",\"contentUrl\":\"https:\/\/emsca-coworking.com\/wp-content\/uploads\/2025\/08\/Ext-EMSCA-scaled.jpg\",\"width\":2560,\"height\":1376,\"caption\":\"Ext\u00e9rieur\"},{\"@type\":\"BreadcrumbList\",\"@id\":\"https:\/\/emsca-coworking.com\/?page_id=41#breadcrumb\",\"itemListElement\":[{\"@type\":\"ListItem\",\"position\":1,\"name\":\"Home\",\"item\":\"https:\/\/emsca-coworking.com\/\"},{\"@type\":\"ListItem\",\"position\":2,\"name\":\"Nous conna\u00eetre\"}]},{\"@type\":\"WebSite\",\"@id\":\"https:\/\/emsca-coworking.com\/#website\",\"url\":\"https:\/\/emsca-coworking.com\/\",\"name\":\"Bureaux et locations de salles \u00e0 Marne la Vall\u00e9e\",\"description\":\"EMSCA Bureaux et Salles \u00e0 Marne la Vall\u00e9e\",\"alternateName\":\"Location de bureaux en co-working et de salles de r\u00e9sunion\",\"potentialAction\":[{\"@type\":\"SearchAction\",\"target\":{\"@type\":\"EntryPoint\",\"urlTemplate\":\"https:\/\/emsca-coworking.com\/?s={search_term_string}\"},\"query-input\":{\"@type\":\"PropertyValueSpecification\",\"valueRequired\":true,\"valueName\":\"search_term_string\"}}],\"inLanguage\":\"fr-FR\"}]}<\/script>\n<!-- \/ Yoast SEO plugin. -->","yoast_head_json":{"title":"Nous conna\u00eetre - Bureaux et locations de salles \u00e0 Marne la Vall\u00e9e","robots":{"index":"index","follow":"follow","max-snippet":"max-snippet:-1","max-image-preview":"max-image-preview:large","max-video-preview":"max-video-preview:-1"},"canonical":"https:\/\/emsca-coworking.com\/?page_id=41","og_locale":"fr_FR","og_type":"article","og_title":"Nous conna\u00eetre - Bureaux et locations de salles \u00e0 Marne la Vall\u00e9e","og_description":"L&rsquo;EMSCA est un Centre de Formation des Apprentis cr\u00e9\u00e9 en 2015.Bas\u00e9s \u00e0 Bussy Saint Georges, au coeur de l&rsquo;agglom\u00e9ration nouvelle de Marne la Vall\u00e9e, ses locaux sont situ\u00e9s id\u00e9alement, \u00e0 10 minutes \u00e0 pied de la station du RER A \u00ab\u00a0Bussy Saint Georges\u00a0\u00bbet \u00e0 2 minutes de la sortie A4 d\u00e9di\u00e9e. Au coeur dans un [&hellip;]","og_url":"https:\/\/emsca-coworking.com\/?page_id=41","og_site_name":"Bureaux et locations de salles \u00e0 Marne la Vall\u00e9e","article_modified_time":"2025-08-14T11:16:26+00:00","og_image":[{"url":"https:\/\/emsca-coworking.com\/wp-content\/uploads\/2025\/08\/Ext-EMSCA-1024x550.jpg","type":"","width":"","height":""}],"twitter_card":"summary_large_image","twitter_misc":{"Dur\u00e9e de lecture estim\u00e9e":"3 minutes"},"schema":{"@context":"https:\/\/schema.org","@graph":[{"@type":"WebPage","@id":"https:\/\/emsca-coworking.com\/?page_id=41","url":"https:\/\/emsca-coworking.com\/?page_id=41","name":"Nous conna\u00eetre - Bureaux et locations de salles \u00e0 Marne la Vall\u00e9e","isPartOf":{"@id":"https:\/\/emsca-coworking.com\/#website"},"primaryImageOfPage":{"@id":"https:\/\/emsca-coworking.com\/?page_id=41#primaryimage"},"image":{"@id":"https:\/\/emsca-coworking.com\/?page_id=41#primaryimage"},"thumbnailUrl":"https:\/\/emsca-coworking.com\/wp-content\/uploads\/2025\/08\/Ext-EMSCA-1024x550.jpg","datePublished":"2025-08-14T10:09:36+00:00","dateModified":"2025-08-14T11:16:26+00:00","breadcrumb":{"@id":"https:\/\/emsca-coworking.com\/?page_id=41#breadcrumb"},"inLanguage":"fr-FR","potentialAction":[{"@type":"ReadAction","target":["https:\/\/emsca-coworking.com\/?page_id=41"]}]},{"@type":"ImageObject","inLanguage":"fr-FR","@id":"https:\/\/emsca-coworking.com\/?page_id=41#primaryimage","url":"https:\/\/emsca-coworking.com\/wp-content\/uploads\/2025\/08\/Ext-EMSCA-scaled.jpg","contentUrl":"https:\/\/emsca-coworking.com\/wp-content\/uploads\/2025\/08\/Ext-EMSCA-scaled.jpg","width":2560,"height":1376,"caption":"Ext\u00e9rieur"},{"@type":"BreadcrumbList","@id":"https:\/\/emsca-coworking.com\/?page_id=41#breadcrumb","itemListElement":[{"@type":"ListItem","position":1,"name":"Home","item":"https:\/\/emsca-coworking.com\/"},{"@type":"ListItem","position":2,"name":"Nous conna\u00eetre"}]},{"@type":"WebSite","@id":"https:\/\/emsca-coworking.com\/#website","url":"https:\/\/emsca-coworking.com\/","name":"Bureaux et locations de salles \u00e0 Marne la Vall\u00e9e","description":"EMSCA Bureaux et Salles \u00e0 Marne la Vall\u00e9e","alternateName":"Location de bureaux en co-working et de salles de r\u00e9sunion","potentialAction":[{"@type":"SearchAction","target":{"@type":"EntryPoint","urlTemplate":"https:\/\/emsca-coworking.com\/?s={search_term_string}"},"query-input":{"@type":"PropertyValueSpecification","valueRequired":true,"valueName":"search_term_string"}}],"inLanguage":"fr-FR"}]}},"_links":{"self":[{"href":"https:\/\/emsca-coworking.com\/index.php?rest_route=\/wp\/v2\/pages\/41","targetHints":{"allow":["GET"]}}],"collection":[{"href":"https:\/\/emsca-coworking.com\/index.php?rest_route=\/wp\/v2\/pages"}],"about":[{"href":"https:\/\/emsca-coworking.com\/index.php?rest_route=\/wp\/v2\/types\/page"}],"author":[{"embeddable":true,"href":"https:\/\/emsca-coworking.com\/index.php?rest_route=\/wp\/v2\/users\/1"}],"replies":[{"embeddable":true,"href":"https:\/\/emsca-coworking.com\/index.php?rest_route=%2Fwp%2Fv2%2Fcomments&post=41"}],"version-history":[{"count":1,"href":"https:\/\/emsca-coworking.com\/index.php?rest_route=\/wp\/v2\/pages\/41\/revisions"}],"predecessor-version":[{"id":71,"href":"https:\/\/emsca-coworking.com\/index.php?rest_route=\/wp\/v2\/pages\/41\/revisions\/71"}],"wp:attachment":[{"href":"https:\/\/emsca-coworking.com\/index.php?rest_route=%2Fwp%2Fv2%2Fmedia&parent=41"}],"curies":[{"name":"wp","href":"https:\/\/api.w.org\/{rel}","templated":true}]}}